{"id":2,"date":"2017-10-02T14:45:20","date_gmt":"2017-10-02T12:45:20","guid":{"rendered":"http:\/\/lamalette.org\/?page_id=2"},"modified":"2018-10-16T13:20:51","modified_gmt":"2018-10-16T11:20:51","slug":"compagnie","status":"publish","type":"page","link":"https:\/\/lamalette.org\/index.php\/compagnie\/","title":{"rendered":"la compagnie"},"content":{"rendered":"<h2><span style=\"color: #d60000;\">La marionnette pour partir \u00e0 la rencontre des cultures.<\/span><\/h2>\n<p>La compagnie exp\u00e9rimente de petites formes de marionnette et th\u00e9\u00e2tre d\u2019objet qui permettent d\u2019\u00e9changer avec le public par la proximit\u00e9. Elle invente un th\u00e9\u00e2tre visuel qui communique sans restriction de langue. Les structures et encombrements l\u00e9gers autorisent une r\u00e9elle libert\u00e9 de d\u00e9placement et d\u2019implantation en tout site, afin d\u2019investir des espaces non conventionnels.<\/p>\n<h2><span style=\"color: #d60000;\">La marionnette pour s\u2019engager.<\/span><\/h2>\n<p>Les spectacles questionnent des th\u00e8mes de soci\u00e9t\u00e9 avec humour et l\u00e9g\u00e8ret\u00e9.<\/p>\n<hr \/>\n<div class=\"row-fluid\"><div class=\"span5\"><img loading=\"lazy\" decoding=\"async\" class=\"alignnone size-medium wp-image-220\" src=\"http:\/\/lamalette.org\/wp-content\/uploads\/2018\/10\/lamalette_littleBoy_08_adrian_02-215x300.jpg\" alt=\"\" width=\"310\" height=\"432\" srcset=\"https:\/\/lamalette.org\/wp-content\/uploads\/2018\/10\/lamalette_littleBoy_08_adrian_02-215x300.jpg 215w, https:\/\/lamalette.org\/wp-content\/uploads\/2018\/10\/lamalette_littleBoy_08_adrian_02-158x220.jpg 158w, https:\/\/lamalette.org\/wp-content\/uploads\/2018\/10\/lamalette_littleBoy_08_adrian_02-235x328.jpg 235w, https:\/\/lamalette.org\/wp-content\/uploads\/2018\/10\/lamalette_littleBoy_08_adrian_02-470x656.jpg 470w, https:\/\/lamalette.org\/wp-content\/uploads\/2018\/10\/lamalette_littleBoy_08_adrian_02.jpg 709w\" sizes=\"auto, (max-width: 310px) 100vw, 310px\" \/><br \/>\n<\/div><div class=\"span7\">Esteban Adrian Giovinatti, d\u2019origine uruguyenne se forme durant 2 ans \u00e0 la marionnette, au th\u00e9\u00e2tre el galpon, Montevideo, Uruguay.<br \/>\nIl d\u00e9veloppe un int\u00e9r\u00eat particulier pour les formes anciennes, traditionnelles.<br \/>\nDe 2002 \u00e0 2004, en Uruguay et au Br\u00e9sil, il exp\u00e9rimente et pr\u00e9sente diverses techniques dans ses spectacles: th\u00e9\u00e2tre d\u2019ombre, manipulation directe, Kuruma Ningyo, minith\u00e9\u00e2tre, gaine.<br \/>\nDepuis 2005, il parcourt l\u2019Europe avec de petites formes sp\u00e9cialement adapt\u00e9es \u00e0 la rue, cherchant \u00e0 rencontrer le public autrement: Adagio (Kuruma Ningyo), Surf in USA (minith\u00e9\u00e2tre), Laboratoire (minith\u00e9\u00e2tre).<br \/>\nIl co-fonde la compagnie la malette en 2007.<br \/>\n<\/div><\/div>\n<hr \/>\n<p>D&rsquo;autres artistes sont intervenus et interviennent dans les cr\u00e9ations de la malette, de mani\u00e8re plus ponctuelle.<br \/>\nUn grand merci \u00e0 C\u00e9line Camilleri, Adrien Durand (musicien), Paz Tatay (marionnettiste), Eder Paiva (marionnettiste), \u00c9milie Renault (dessinatrice et graphiste), Ghislain Botto (photographe et graphiste), Sandrine Pasquier (vid\u00e9aste et graphiste).<\/p>\n<p>Esteban Adrian Giovinatti et C\u00e9line Camilleri forment en 2007 la compagnie la Malette.<\/p>\n<pre><span style=\"color: #ff0000;\">portrait: Pixels Splashes Photography<\/span><\/pre>\n","protected":false},"excerpt":{"rendered":"<p>La marionnette pour partir \u00e0 la rencontre des cultures. La compagnie exp\u00e9rimente de petites formes de marionnette et th\u00e9\u00e2tre d\u2019objet qui permettent d\u2019\u00e9changer avec le public par la proximit\u00e9. Elle invente un th\u00e9\u00e2tre visuel qui communique sans restriction de langue. Les structures et encombrements l\u00e9gers autorisent une r\u00e9elle libert\u00e9 de &hellip;<\/p>\n<div class=\"wrap-excerpt-more\"><a class=\"excerpt-more\" href=\"https:\/\/lamalette.org\/index.php\/compagnie\/\">Read more<\/a><\/div>\n","protected":false},"author":1,"featured_media":0,"parent":0,"menu_order":0,"comment_status":"closed","ping_status":"closed","template":"","meta":{"_exactmetrics_skip_tracking":false,"_exactmetrics_sitenote_active":false,"_exactmetrics_sitenote_note":"","_exactmetrics_sitenote_category":0,"footnotes":""},"class_list":["post-2","page","type-page","status-publish","hentry","post--no-featured-image"],"_links":{"self":[{"href":"https:\/\/lamalette.org\/index.php\/wp-json\/wp\/v2\/pages\/2","targetHints":{"allow":["GET"]}}],"collection":[{"href":"https:\/\/lamalette.org\/index.php\/wp-json\/wp\/v2\/pages"}],"about":[{"href":"https:\/\/lamalette.org\/index.php\/wp-json\/wp\/v2\/types\/page"}],"author":[{"embeddable":true,"href":"https:\/\/lamalette.org\/index.php\/wp-json\/wp\/v2\/users\/1"}],"replies":[{"embeddable":true,"href":"https:\/\/lamalette.org\/index.php\/wp-json\/wp\/v2\/comments?post=2"}],"version-history":[{"count":22,"href":"https:\/\/lamalette.org\/index.php\/wp-json\/wp\/v2\/pages\/2\/revisions"}],"predecessor-version":[{"id":235,"href":"https:\/\/lamalette.org\/index.php\/wp-json\/wp\/v2\/pages\/2\/revisions\/235"}],"wp:attachment":[{"href":"https:\/\/lamalette.org\/index.php\/wp-json\/wp\/v2\/media?parent=2"}],"curies":[{"name":"wp","href":"https:\/\/api.w.org\/{rel}","templated":true}]}}